{"id":10060,"date":"2022-01-18T08:33:16","date_gmt":"2022-01-18T05:33:16","guid":{"rendered":"https:\/\/www.hdaenerji.com.tr\/en\/?page_id=10060"},"modified":"2023-10-02T14:59:20","modified_gmt":"2023-10-02T11:59:20","slug":"energy-storage-solutions","status":"publish","type":"page","link":"https:\/\/www.hdaenerji.com.tr\/en\/energy-storage-solutions\/","title":{"rendered":"ENERGY STORAGE SOLUTIONS"},"content":{"rendered":"<section class=\"wpb-content-wrapper\"><p>[vc_row full_width=&#8221;stretch_row&#8221; css=&#8221;.vc_custom_1642416402541{margin-bottom: -120px !important;padding-bottom: 0px !important;}&#8221; mobile_bg_img_hidden=&#8221;no&#8221; tablet_bg_img_hidden=&#8221;no&#8221; woodmart_parallax=&#8221;0&#8243; woodmart_gradient_switch=&#8221;no&#8221; row_reverse_mobile=&#8221;0&#8243; row_reverse_tablet=&#8221;0&#8243; woodmart_disable_overflow=&#8221;0&#8243;][vc_column css=&#8221;.vc_custom_1533195526368{padding-top: 0px !important;}&#8221;]\n\t\t\t<!-- START Enerji Depolama \u00c7\u00f6z\u00fcmleri REVOLUTION SLIDER 6.6.12 --><p class=\"rs-p-wp-fix\"><\/p>\n\t\t\t<rs-module-wrap id=\"woodmart-minimalist-slider_wrapper\" data-source=\"gallery\" style=\"visibility:hidden;background:transparent;padding:0;margin:0px auto;margin-top:0;margin-bottom:0;\">\n\t\t\t\t<rs-module id=\"woodmart-minimalist-slider\" style=\"\" data-version=\"6.6.12\">\n\t\t\t\t\t<rs-slides style=\"overflow: hidden; position: absolute;\">\n\t\t\t\t\t\t<rs-slide style=\"position: absolute;\" data-key=\"rs-117\" data-title=\"IOT Uygulamalar\u0131\" data-anim=\"adpr:false;ms:600;\" data-in=\"o:0;\" data-out=\"a:false;\">\n\t\t\t\t\t\t\t<img src=\"\/\/www.hdaenerji.com.tr\/en\/wp-content\/plugins\/revslider\/public\/assets\/assets\/dummy.png\" alt=\"\" title=\"slider-2\" width=\"1600\" height=\"666\" class=\"rev-slidebg tp-rs-img rs-lazyload\" data-lazyload=\"\/\/www.hdaenerji.com.tr\/en\/wp-content\/uploads\/2021\/12\/slider-2-1.jpg\" data-no-retina>\n<!--\n\t\t\t\t\t\t\t--><rs-layer\n\t\t\t\t\t\t\t\tid=\"slider-50-slide-117-layer-0\" \n\t\t\t\t\t\t\t\tdata-type=\"text\"\n\t\t\t\t\t\t\t\tdata-rsp_ch=\"on\"\n\t\t\t\t\t\t\t\tdata-xy=\"xo:377px,241px,183px,167px;yo:392px,250px,189px,237px;\"\n\t\t\t\t\t\t\t\tdata-text=\"w:normal;s:48,30,22,37;l:60,38,28,48;fw:700;\"\n\t\t\t\t\t\t\t\tdata-frame_0=\"sX:0.8;sY:0.8;\"\n\t\t\t\t\t\t\t\tdata-frame_1=\"e:power4.out;sp:1000;\"\n\t\t\t\t\t\t\t\tdata-frame_999=\"o:0;st:w;sR:8700;\"\n\t\t\t\t\t\t\t\tstyle=\"z-index:9;font-family:'Roboto';\"\n\t\t\t\t\t\t\t>Solut\u0131ons \n\t\t\t\t\t\t\t<\/rs-layer><!--\n\n\t\t\t\t\t\t\t--><h1\n\t\t\t\t\t\t\t\tid=\"slider-50-slide-117-layer-2\" \n\t\t\t\t\t\t\t\tclass=\"rs-layer\"\n\t\t\t\t\t\t\t\tdata-type=\"text\"\n\t\t\t\t\t\t\t\tdata-color=\"#f16522\"\n\t\t\t\t\t\t\t\tdata-rsp_ch=\"on\"\n\t\t\t\t\t\t\t\tdata-xy=\"xo:379px,242px,183px,119px;yo:338px,216px,164px,191px;\"\n\t\t\t\t\t\t\t\tdata-text=\"w:normal;s:48,30,22,37;l:60,38,28,48;fw:900;\"\n\t\t\t\t\t\t\t\tdata-frame_0=\"sX:0.8;sY:0.8;\"\n\t\t\t\t\t\t\t\tdata-frame_1=\"e:power4.out;sp:1000;\"\n\t\t\t\t\t\t\t\tdata-frame_999=\"o:0;st:w;sR:8700;\"\n\t\t\t\t\t\t\t\tstyle=\"z-index:8;font-family:'Roboto';\"\n\t\t\t\t\t\t\t>Energy Storage \n\t\t\t\t\t\t\t<\/h1><!--\n\n\t\t\t\t\t\t\t--><rs-layer\n\t\t\t\t\t\t\t\tid=\"slider-50-slide-117-layer-3\" \n\t\t\t\t\t\t\t\tdata-type=\"image\"\n\t\t\t\t\t\t\t\tdata-rsp_ch=\"on\"\n\t\t\t\t\t\t\t\tdata-xy=\"xo:373px,238px,180px,220px;yo:285px,182px,138px,135px;\"\n\t\t\t\t\t\t\t\tdata-text=\"w:normal;s:20,12,9,5;l:0,16,12,7;\"\n\t\t\t\t\t\t\t\tdata-dim=\"w:64px,40px,30px,62px;h:53px,33px,25px,51px;\"\n\t\t\t\t\t\t\t\tdata-frame_999=\"o:0;st:w;\"\n\t\t\t\t\t\t\t\tstyle=\"z-index:13;\"\n\t\t\t\t\t\t\t><img src=\"\/\/www.hdaenerji.com.tr\/en\/wp-content\/plugins\/revslider\/public\/assets\/assets\/dummy.png\" alt=\"\" class=\"tp-rs-img rs-lazyload\" width=\"64\" height=\"53\" data-lazyload=\"\/\/www.hdaenerji.com.tr\/en\/wp-content\/uploads\/revslider\/iot-uygulamalar-1\/Akilli-Sensor-v1.png\" data-no-retina> \n\t\t\t\t\t\t\t<\/rs-layer><!--\n\n\t\t\t\t\t\t\t--><rs-layer\n\t\t\t\t\t\t\t\tid=\"slider-50-slide-117-layer-6\" \n\t\t\t\t\t\t\t\tdata-type=\"text\"\n\t\t\t\t\t\t\t\tdata-color=\"#000000\"\n\t\t\t\t\t\t\t\tdata-rsp_ch=\"on\"\n\t\t\t\t\t\t\t\tdata-xy=\"xo:382px,244px,185px,72px;yo:464px,296px,224px,301px;\"\n\t\t\t\t\t\t\t\tdata-text=\"w:normal;s:16,10,7,16;l:24,15,11,21;\"\n\t\t\t\t\t\t\t\tdata-dim=\"w:592.547px,378px,287px,390px;minh:0,none,none,none;\"\n\t\t\t\t\t\t\t\tdata-frame_0=\"x:0,0,0,0px;y:0,0,0,0px;sX:0.9;sY:0.9;\"\n\t\t\t\t\t\t\t\tdata-frame_1=\"x:0,0,0,0px;y:0,0,0,0px;e:power2.inOut;st:350;sp:1000;\"\n\t\t\t\t\t\t\t\tdata-frame_999=\"o:0;st:w;sR:8350;\"\n\t\t\t\t\t\t\t\tstyle=\"z-index:10;font-family:'Roboto';\"\n\t\t\t\t\t\t\t>In HDA Energy; we adhere the principle of \"Safety and capacity are the most basic features for batteries\", it has been our basic principle to produce low-emission, low-carbon, customer-specific solutions, and our activities continue within this framework . \n\t\t\t\t\t\t\t<\/rs-layer><!--\n-->\t\t\t\t\t\t<\/rs-slide>\n\t\t\t\t\t<\/rs-slides>\n\t\t\t\t<\/rs-module>\n\t\t\t\t<script>\n\t\t\t\t\tsetREVStartSize({c: 'woodmart-minimalist-slider',rl:[1240,1024,778,480],el:[665.994,487,960,450],gw:[1600,1024,778,480],gh:[666,487,960,450],type:'standard',justify:'',layout:'fullwidth',mh:\"0\"});if (window.RS_MODULES!==undefined && window.RS_MODULES.modules!==undefined && window.RS_MODULES.modules[\"woodmartminimalistslider\"]!==undefined) {window.RS_MODULES.modules[\"woodmartminimalistslider\"].once = false;window.revapi50 = undefined;if (window.RS_MODULES.checkMinimal!==undefined) window.RS_MODULES.checkMinimal()}\n\t\t\t\t<\/script>\n\t\t\t<\/rs-module-wrap>\n\t\t\t<!-- END REVOLUTION SLIDER -->\n[\/vc_column][\/vc_row][vc_row full_width=&#8221;stretch_row&#8221; parallax=&#8221;content-moving&#8221; parallax_image=&#8221;8574&#8243; mobile_bg_img_hidden=&#8221;no&#8221; tablet_bg_img_hidden=&#8221;no&#8221; woodmart_parallax=&#8221;0&#8243; woodmart_gradient_switch=&#8221;no&#8221; row_reverse_mobile=&#8221;0&#8243; row_reverse_tablet=&#8221;0&#8243; woodmart_disable_overflow=&#8221;0&#8243; css=&#8221;.vc_custom_1642418569558{margin-top: -100px !important;margin-bottom: -60px !important;padding-top: 0px !important;padding-bottom: 50px !important;}&#8221;][vc_column][vc_tta_tabs title_tag=&#8221;p&#8221; section_title_tag=&#8221;p&#8221; style=&#8221;flat&#8221; color=&#8221;white&#8221; spacing=&#8221;10&#8243; alignment=&#8221;center&#8221; active_section=&#8221;1&#8243; css_animation=&#8221;fadeIn&#8221; no_fill_content_area=&#8221;true&#8221; css=&#8221;.vc_custom_1642421236170{margin-right: 0px !important;margin-left: 0px !important;background-position: center !important;background-repeat: no-repeat !important;background-size: cover !important;}&#8221;][vc_tta_section title=&#8221;Commercial Vehicle Applications&#8221; tab_id=&#8221;1642417415621-47e08097-747a&#8221;][vc_row_inner][vc_column_inner width=&#8221;2\/3&#8243; css=&#8221;.vc_custom_1642423583350{padding-top: 30px !important;padding-left: 50px !important;}&#8221;]\t\t\n\t\t<div id=\"wd-61e67fc99d0c8\" class=\"title-wrapper wd-wpb set-mb-s reset-last-child  wd-title-color-default wd-title-style-default wd-width-100 text-left vc_custom_1642495950770\">\n\t\t\t\n\t\t\t<div class=\"liner-continer\">\n\t\t\t\t<h4 class=\"woodmart-title-container title  wd-font-weight- wd-fontsize-l\" >Commercial Vehicle Applications<\/h4>\n\t\t\t\t\t\t\t<\/div>\n\t\t\t\n\t\t\t\t\t\t\t<div class=\"title-after_title  set-cont-mb-s reset-last-child  wd-fontsize-xs\">In HDA Energy, we can offer safe and reliable battery solutions for commercial electric car battery projects with our EVE partnership. The products are widely and maturely used in logistics vehicles, heavy trucks, buses, cleaning vehicles, aerial work platforms, tractors, forklifts, cruise ships, passenger rollers and other fields.<\/div>\n\t\t\t\n\t\t\t\t\t<\/div>\n\t\t\n\t\t\t\t\t<div id=\"wd-61e67fd911d62\" class=\"wd-text-block-wrapper wd-wpb color-scheme- wd-width-100 text-left vc_custom_1642495966093\">\n\t\t\t\t<div class=\"woodmart-title-container woodmart-text-block reset-last-child font-text wd-font-weight- \">\n\t\t\t\t\t<\/p>\n<ul>\n<li>Very long service life<\/li>\n<li>Fast charging time<\/li>\n<li>Use in all weather conditions, in any temperature environment<\/li>\n<li>Safe use<\/li>\n<\/ul>\n<p>\t\t\t\t<\/div>\n\t\t\t\t\t\t\t<\/div>\n\t\t[\/vc_column_inner][vc_column_inner width=&#8221;1\/3&#8243;][vc_single_image image=&#8221;8913&#8243; img_size=&#8221;medium&#8221; woodmart_inline=&#8221;no&#8221; parallax_scroll=&#8221;no&#8221;][vc_single_image image=&#8221;8915&#8243; img_size=&#8221;medium&#8221; woodmart_inline=&#8221;no&#8221; parallax_scroll=&#8221;no&#8221; css=&#8221;.vc_custom_1642419097547{margin-top: -50px !important;}&#8221;][\/vc_column_inner][\/vc_row_inner][\/vc_tta_section][vc_tta_section title=&#8221;Energy Storage Systems&#8221; tab_id=&#8221;1642417615439-58e768fb-ed7d&#8221;][vc_row_inner][vc_column_inner width=&#8221;1\/4&#8243; css=&#8221;.vc_custom_1642419321094{padding-top: 30px !important;}&#8221;][\/vc_column_inner][vc_column_inner width=&#8221;1\/2&#8243;]\t\t\n\t\t<div id=\"wd-61e68102b0f6b\" class=\"title-wrapper wd-wpb set-mb-s reset-last-child  wd-title-color-default wd-title-style-default wd-width-100 text-left \">\n\t\t\t\n\t\t\t<div class=\"liner-continer\">\n\t\t\t\t<h4 class=\"woodmart-title-container title  wd-font-weight- wd-fontsize-l\" >Energy Storage Systems<\/h4>\n\t\t\t\t\t\t\t<\/div>\n\t\t\t\n\t\t\t\t\t\t\t<div class=\"title-after_title  set-cont-mb-s reset-last-child  wd-fontsize-xs\">In HDA Energy, with our EVE\u2019s partnership, we offer high-security and cost-effective Lithium-Ion battery storage systems. EVE is committed to provide highly secure and cost-effective lithium-ion battery storage systems. With 1500V liquid-cooled ESS, 48V series battery system for Telecom, 48V low voltage and 200V high voltage residential ESS integrated battery solutions, EVE has become a global core ESS solution provider.<\/div>\n\t\t\t\n\t\t\t\t\t<\/div>\n\t\t\n\t\t\t\t\t<div id=\"wd-61e6801cb7cad\" class=\"wd-text-block-wrapper wd-wpb color-scheme- wd-width-100 text-left vc_custom_1642496040039\">\n\t\t\t\t<div class=\"woodmart-title-container woodmart-text-block reset-last-child font-text wd-font-weight- \">\n\t\t\t\t\t<\/p>\n<ul>\n<li>Long cycle life.<\/li>\n<li>UL1973, UL9540A, GB\/T 36276, CCS, DNV, IEC62619, CE, TLC, UN38.3 and Class 9 seismic certification, etc. test documents.<\/li>\n<li>Products cover ESS in power generation, transmission and end-user side applications, including IDC (Integrated Data Centre), communications base station and electric ships and other application scenarios.<\/li>\n<li>Telecom ESS<\/li>\n<li>Charging station ESS<\/li>\n<li>Housing ESS<\/li>\n<\/ul>\n<p>\t\t\t\t<\/div>\n\t\t\t\t\t\t\t<\/div>\n\t\t[\/vc_column_inner][vc_column_inner width=&#8221;1\/4&#8243;][\/vc_column_inner][\/vc_row_inner][\/vc_tta_section][vc_tta_section title=&#8221;Recycling&#8221; tab_id=&#8221;1642417726194-1820d38e-c5a0&#8243;][vc_row_inner][vc_column_inner width=&#8221;1\/4&#8243; css=&#8221;.vc_custom_1642419430317{padding-top: 30px !important;}&#8221;][\/vc_column_inner][vc_column_inner width=&#8221;1\/2&#8243; css=&#8221;.vc_custom_1642419797419{padding-top: 30px !important;}&#8221;]\t\t\n\t\t<div id=\"wd-61e680d42bef0\" class=\"title-wrapper wd-wpb set-mb-s reset-last-child  wd-title-color-default wd-title-style-default wd-width-100 text-left \">\n\t\t\t\n\t\t\t<div class=\"liner-continer\">\n\t\t\t\t<h4 class=\"woodmart-title-container title  wd-font-weight- wd-fontsize-l\" >Recycling<\/h4>\n\t\t\t\t\t\t\t<\/div>\n\t\t\t\n\t\t\t\t\t\t\t<div class=\"title-after_title  set-cont-mb-s reset-last-child  wd-fontsize-xs\">In HDA Energy, with our EVE partnership, we are creating a leading technology for the recycling of lithium-ion batteries. With our low-carbon and environmentally friendly concept, we aim to create a green supply chain of ``waste lithium batteries - chemical materials - battery materials - lithium batteries`` under the circular economy.<\/div>\n\t\t\t\n\t\t\t\t\t<\/div>\n\t\t\n\t\t[\/vc_column_inner][vc_column_inner width=&#8221;1\/4&#8243;][\/vc_column_inner][\/vc_row_inner][\/vc_tta_section][\/vc_tta_tabs][\/vc_column][\/vc_row][vc_row][vc_column]\n\t\t\t<!-- START uygulamalarindexbanner REVOLUTION SLIDER 6.6.12 --><p class=\"rs-p-wp-fix\"><\/p>\n\t\t\t<rs-module-wrap id=\"woodmart-minimalist-slider_1_wrapper\" data-source=\"gallery\" style=\"visibility:hidden;background:transparent;padding:0;margin:0px auto;margin-top:0;margin-bottom:0;\">\n\t\t\t\t<rs-module id=\"woodmart-minimalist-slider_1\" style=\"\" data-version=\"6.6.12\">\n\t\t\t\t\t<rs-slides style=\"overflow: hidden; position: absolute;\">\n\t\t\t\t\t\t<rs-slide style=\"position: absolute;\" data-key=\"rs-116\" data-title=\"01\" data-anim=\"adpr:false;ms:600;\" data-in=\"o:0;\" data-out=\"a:false;\">\n\t\t\t\t\t\t\t<img src=\"\/\/www.hdaenerji.com.tr\/en\/wp-content\/plugins\/revslider\/public\/assets\/assets\/dummy.png\" alt=\"\" title=\"slogan-bnr-en\" width=\"1920\" height=\"400\" class=\"rev-slidebg tp-rs-img rs-lazyload\" data-lazyload=\"\/\/www.hdaenerji.com.tr\/en\/wp-content\/uploads\/2022\/01\/slogan-bnr-en.png\" data-no-retina>\n<!---->\t\t\t\t\t\t<\/rs-slide>\n\t\t\t\t\t<\/rs-slides>\n\t\t\t\t<\/rs-module>\n\t\t\t\t<script>\n\t\t\t\t\tsetREVStartSize({c: 'woodmart-minimalist-slider_1',rl:[1240,1024,778,480],el:[333,768,960,320],gw:[1920,1920,778,650],gh:[333,333,520,320],type:'standard',justify:'',layout:'fullwidth',mh:\"0\"});if (window.RS_MODULES!==undefined && window.RS_MODULES.modules!==undefined && window.RS_MODULES.modules[\"woodmartminimalistslider1\"]!==undefined) {window.RS_MODULES.modules[\"woodmartminimalistslider1\"].once = false;window.revapi49 = undefined;if (window.RS_MODULES.checkMinimal!==undefined) window.RS_MODULES.checkMinimal()}\n\t\t\t\t<\/script>\n\t\t\t<\/rs-module-wrap>\n\t\t\t<!-- END REVOLUTION SLIDER -->\n[\/vc_column][\/vc_row][vc_row full_width=&#8221;stretch_row&#8221; mobile_bg_img_hidden=&#8221;no&#8221; tablet_bg_img_hidden=&#8221;no&#8221; woodmart_parallax=&#8221;0&#8243; woodmart_gradient_switch=&#8221;no&#8221; row_reverse_mobile=&#8221;0&#8243; row_reverse_tablet=&#8221;0&#8243; woodmart_disable_overflow=&#8221;0&#8243; css=&#8221;.vc_custom_1642422275119{margin-top: 60px !important;}&#8221;][vc_column]\t\t\n\t\t<div id=\"wd-651ab08e5513b\" class=\"title-wrapper wd-wpb set-mb-s reset-last-child  wd-title-color-primary wd-title-style-simple wd-width-100 text-center vc_custom_1696247908790\">\n\t\t\t\n\t\t\t<div class=\"liner-continer\">\n\t\t\t\t<h2 class=\"woodmart-title-container title  wd-font-weight-500 wd-fontsize-xl\" >Other Application Areas<\/h2>\n\t\t\t\t\t\t\t<\/div>\n\t\t\t\n\t\t\t\t\t\t\t<div class=\"title-after_title  set-cont-mb-s reset-last-child  wd-fontsize-s\">We are proud to exceed the limits without being bound by them.<\/div>\n\t\t\t\n\t\t\t\t\t<\/div>\n\t\t\n\t\t[vc_row_inner css=&#8221;.vc_custom_1642422141067{padding-right: 50px !important;padding-left: 50px !important;}&#8221; row_reverse_mobile=&#8221;0&#8243; row_reverse_tablet=&#8221;0&#8243;][vc_column_inner width=&#8221;1\/3&#8243;]\t\t\t<div class=\"info-box-wrapper \">\n\t\t\t\t<div id=\"wd-61e67cd05319a\" class=\" cursor-pointer wd-info-box wd-wpb text-center box-icon-align-top box-style- color-scheme- wd-bg-none wd-off-anim wpb_animate_when_almost_visible wpb_wd-right-flip-y wd-right-flip-y wd-anim-name_wd-right-flip-y vc_custom_1642495223468\"  onclick=\"window.location.href=&quot;https:\/\/hdaenerji.com\/en\/iot-applications\/&quot;\"  >\n\t\t\t\t\t\t\t\t\t\t\t<div class=\"box-icon-wrapper  box-with-icon box-icon-simple\">\n\t\t\t\t\t\t\t<div class=\"info-box-icon\">\n\n\t\t\t\t\t\t\t\n\t\t\t\t\t\t\t\t\t\t\t\t\t\t\t\t\t<img width=\"80\" height=\"80\" src=\"https:\/\/www.hdaenerji.com.tr\/en\/wp-content\/uploads\/2021\/12\/uygulama-6.png\" class=\"info-icon image-1 attachment-medium\" alt=\"Uygulama\" loading=\"lazy\" title=\"uygulama-6\" srcset=\"https:\/\/www.hdaenerji.com.tr\/en\/wp-content\/uploads\/2021\/12\/uygulama-6.png 80w, https:\/\/www.hdaenerji.com.tr\/en\/wp-content\/uploads\/2021\/12\/uygulama-6-12x12.png 12w\" sizes=\"(max-width: 80px) 100vw, 80px\" \/>\t\t\t\t\t\t\t\t\t\t\t\t\t\t\t\n\t\t\t\t\t\t\t<\/div>\n\t\t\t\t\t\t<\/div>\n\t\t\t\t\t\t\t\t\t\t<div class=\"info-box-content\">\n\t\t\t\t\t\t<h4 class=\"info-box-title title wd-font-weight-300 box-title-style-default wd-fontsize-s\">IoT APPLICATIONS<\/h4>\t\t\t\t\t\t<div class=\"info-box-inner set-cont-mb-s reset-last-child\">\n\t\t\t\t\t\t\t\t\t\t\t\t\t<\/div>\n\n\t\t\t\t\t\t\n\t\t\t\t\t<\/div>\n\n\t\t\t\t\t\t\t\t\t<\/div>\n\t\t\t<\/div>\n\t\t[\/vc_column_inner][vc_column_inner width=&#8221;1\/3&#8243;]\t\t\t<div class=\"info-box-wrapper \">\n\t\t\t\t<div id=\"wd-61e67e6bf1d93\" class=\" cursor-pointer wd-info-box wd-wpb text-center box-icon-align-top box-style- color-scheme- wd-bg-none wd-off-anim wpb_animate_when_almost_visible wpb_wd-right-flip-y wd-right-flip-y wd-anim-name_wd-right-flip-y vc_custom_1642495600799\"  onclick=\"window.location.href=&quot;https:\/\/hdaenerji.com\/en\/energy-storage-solutions\/&quot;\"  >\n\t\t\t\t\t\t\t\t\t\t\t<div class=\"box-icon-wrapper  box-with-icon box-icon-simple\">\n\t\t\t\t\t\t\t<div class=\"info-box-icon\">\n\n\t\t\t\t\t\t\t\n\t\t\t\t\t\t\t\t\t\t\t\t\t\t\t\t\t<img width=\"80\" height=\"80\" src=\"https:\/\/www.hdaenerji.com.tr\/en\/wp-content\/uploads\/2021\/12\/uygulama-2.png\" class=\"info-icon image-1 attachment-medium\" alt=\"Applications 2\" loading=\"lazy\" title=\"uygulama-2\" srcset=\"https:\/\/www.hdaenerji.com.tr\/en\/wp-content\/uploads\/2021\/12\/uygulama-2.png 80w, https:\/\/www.hdaenerji.com.tr\/en\/wp-content\/uploads\/2021\/12\/uygulama-2-12x12.png 12w\" sizes=\"(max-width: 80px) 100vw, 80px\" \/>\t\t\t\t\t\t\t\t\t\t\t\t\t\t\t\n\t\t\t\t\t\t\t<\/div>\n\t\t\t\t\t\t<\/div>\n\t\t\t\t\t\t\t\t\t\t<div class=\"info-box-content\">\n\t\t\t\t\t\t<h4 class=\"info-box-title title wd-font-weight-400 box-title-style-default wd-fontsize-s\">ENERGY STORAGE SOLUTIONS<\/h4>\t\t\t\t\t\t<div class=\"info-box-inner set-cont-mb-s reset-last-child\">\n\t\t\t\t\t\t\t\t\t\t\t\t\t<\/div>\n\n\t\t\t\t\t\t\n\t\t\t\t\t<\/div>\n\n\t\t\t\t\t\t\t\t\t<\/div>\n\t\t\t<\/div>\n\t\t[\/vc_column_inner][vc_column_inner width=&#8221;1\/3&#8243;]\t\t\t<div class=\"info-box-wrapper \">\n\t\t\t\t<div id=\"wd-61e68037d1447\" class=\" cursor-pointer wd-info-box wd-wpb text-center box-icon-align-top box-style- color-scheme- wd-bg-none wd-off-anim wpb_animate_when_almost_visible wpb_wd-right-flip-y wd-right-flip-y wd-anim-name_wd-right-flip-y vc_custom_1642496069996\"  onclick=\"window.location.href=&quot;#&quot;\"  >\n\t\t\t\t\t\t\t\t\t\t\t<div class=\"box-icon-wrapper  box-with-icon box-icon-simple\">\n\t\t\t\t\t\t\t<div class=\"info-box-icon\">\n\n\t\t\t\t\t\t\t\n\t\t\t\t\t\t\t\t\t\t\t\t\t\t\t\t\t<img width=\"80\" height=\"80\" src=\"https:\/\/www.hdaenerji.com.tr\/en\/wp-content\/uploads\/2021\/12\/uygulama-9.png\" class=\"info-icon image-1 attachment-medium\" alt=\"Applications 9\" loading=\"lazy\" title=\"uygulama-9\" srcset=\"https:\/\/www.hdaenerji.com.tr\/en\/wp-content\/uploads\/2021\/12\/uygulama-9.png 80w, https:\/\/www.hdaenerji.com.tr\/en\/wp-content\/uploads\/2021\/12\/uygulama-9-12x12.png 12w\" sizes=\"(max-width: 80px) 100vw, 80px\" \/>\t\t\t\t\t\t\t\t\t\t\t\t\t\t\t\n\t\t\t\t\t\t\t<\/div>\n\t\t\t\t\t\t<\/div>\n\t\t\t\t\t\t\t\t\t\t<div class=\"info-box-content\">\n\t\t\t\t\t\t<h4 class=\"info-box-title title wd-font-weight-400 box-title-style-default wd-fontsize-s\">TAILOR-MADE SOLUTIONS<\/h4>\t\t\t\t\t\t<div class=\"info-box-inner set-cont-mb-s reset-last-child\">\n\t\t\t\t\t\t\t\t\t\t\t\t\t<\/div>\n\n\t\t\t\t\t\t\n\t\t\t\t\t<\/div>\n\n\t\t\t\t\t\t\t\t\t<\/div>\n\t\t\t<\/div>\n\t\t[\/vc_column_inner][\/vc_row_inner][\/vc_column][\/vc_row]<\/p>\n<\/section>","protected":false},"excerpt":{"rendered":"<p>[vc_row full_width=&#8221;stretch_row&#8221; css=&#8221;.vc_custom_1642416402541{margin-bottom: -120px !important;padding-bottom: 0px !important;}&#8221; mobile_bg_img_hidden=&#8221;no&#8221; tablet_bg_img_hidden=&#8221;no&#8221; woodmart_parallax=&#8221;0&#8243; woodmart_gradient_switch=&#8221;no&#8221; row_reverse_mobile=&#8221;0&#8243; row_reverse_tablet=&#8221;0&#8243; woodmart_disable_overflow=&#8221;0&#8243;][vc_column css=&#8221;.vc_custom_1533195526368{padding-top: 0px !important;}&#8221;][\/vc_column][\/vc_row][vc_row full_width=&#8221;stretch_row&#8221; parallax=&#8221;content-moving&#8221; parallax_image=&#8221;8574&#8243;<\/p>\n","protected":false},"author":1,"featured_media":0,"parent":0,"menu_order":0,"comment_status":"closed","ping_status":"closed","template":"","meta":{"_monsterinsights_skip_tracking":false,"_monsterinsights_sitenote_active":false,"_monsterinsights_sitenote_note":"","_monsterinsights_sitenote_category":0},"_links":{"self":[{"href":"https:\/\/www.hdaenerji.com.tr\/en\/wp-json\/wp\/v2\/pages\/10060"}],"collection":[{"href":"https:\/\/www.hdaenerji.com.tr\/en\/wp-json\/wp\/v2\/pages"}],"about":[{"href":"https:\/\/www.hdaenerji.com.tr\/en\/wp-json\/wp\/v2\/types\/page"}],"author":[{"embeddable":true,"href":"https:\/\/www.hdaenerji.com.tr\/en\/wp-json\/wp\/v2\/users\/1"}],"replies":[{"embeddable":true,"href":"https:\/\/www.hdaenerji.com.tr\/en\/wp-json\/wp\/v2\/comments?post=10060"}],"version-history":[{"count":8,"href":"https:\/\/www.hdaenerji.com.tr\/en\/wp-json\/wp\/v2\/pages\/10060\/revisions"}],"predecessor-version":[{"id":10661,"href":"https:\/\/www.hdaenerji.com.tr\/en\/wp-json\/wp\/v2\/pages\/10060\/revisions\/10661"}],"wp:attachment":[{"href":"https:\/\/www.hdaenerji.com.tr\/en\/wp-json\/wp\/v2\/media?parent=10060"}],"curies":[{"name":"wp","href":"https:\/\/api.w.org\/{rel}","templated":true}]}}